{"id":1328,"date":"2025-04-26T09:12:32","date_gmt":"2025-04-26T14:12:32","guid":{"rendered":"https:\/\/grouptravelperu.com\/vacaciones-peru\/"},"modified":"2025-06-12T18:37:21","modified_gmt":"2025-06-12T23:37:21","slug":"pacotes-peru","status":"publish","type":"page","link":"https:\/\/grouptravelperu.com\/pt-br\/pacotes-peru\/","title":{"rendered":"Pacotes Peru"},"content":{"rendered":"\n<p>Bem-vindo ao Group Travel, sua op\u00e7\u00e3o para desfrutar ao m\u00e1ximo da magia e Aventura no Peru.<\/p>\n\n\n\n<p>Na Group Travel sabemos que o Peru \u00e9 muito mais que Machu Picchu a cidadela Inca. \u00c9 por isso que criamos uma grande variedade de pacotes viagens para que voc\u00eas possam descobrir todos os segredos deste pa\u00eds fascinante. Desde a espetacular cordilheira dos Andes at\u00e9 a exuberante selva amaz\u00f4nica, ou a costa mar do pacifico, nossos tours passeios levar\u00e3o voc\u00ea a explorar os recantos mais incr\u00edveis do territ\u00f3rio Peruano.<\/p>\n\n\n\n<p>Oferecemos pacotes personalizados para todos os gostos, e voc\u00ea pode escolher passeios tours de aventura com caminhadas pela Trilha Inca, expedi\u00e7\u00f5es de bicicleta mountain, esportes radicais nas areias do deserto ou nas ondas do Pac\u00edfico.<\/p>\n\n\n\n<p>Para os amantes da cultura temos passeios tours \u00e0 colorida cidade de Cusco, a imponente Machu Picchu e dezenas de lugares arqueol\u00f3gicos em todo o pa\u00eds.&nbsp;<\/p>\n\n\n\n<p>Seja qual for o seu estilo de viagem ideal, na Group travel planejaremos cada detalhe para que voc\u00ea possa aproveitar da aut\u00eantica magia do Peru. Junte-se \u00e0 aventura com conosco e viva f\u00e9rias inesquec\u00edveis explorando a fascinantes paisagens, a riqueza cultural e a hospitalidade acolhedora desta terra cheia de maravilhas. O Peru espera por voc\u00ea, voc\u00ea est\u00e1 pronto para vivenciar isso?<\/p>\n\n\n\n","protected":false},"excerpt":{"rendered":"<p>Bem-vindo ao Group Travel, sua op\u00e7\u00e3o para desfrutar ao m\u00e1ximo da magia e Aventura no Peru. Na Group Travel sabemos que o Peru \u00e9 muito mais que Machu Picchu a cidadela Inca. \u00c9 por isso que criamos uma grande variedade de pacotes viagens para que voc\u00eas possam descobrir todos os segredos deste pa\u00eds fascinante. Desde [&hellip;]<\/p>\n","protected":false},"author":2,"featured_media":23247,"parent":0,"menu_order":0,"comment_status":"closed","ping_status":"closed","template":"page-citys.php","meta":{"_acf_changed":false,"advgb_blocks_editor_width":"","advgb_blocks_columns_visual_guide":"","footnotes":""},"class_list":["post-1328","page","type-page","status-publish","has-post-thumbnail","hentry"],"acf":[],"yoast_head":"<!-- This site is optimized with the Yoast SEO Premium plugin v26.3 (Yoast SEO v27.4) - https:\/\/yoast.com\/product\/yoast-seo-premium-wordpress\/ -->\n<title>Pacotes Peru - Group Travel Peru<\/title>\n<meta name=\"description\" content=\"Viva f\u00e9rias Pacotes no Peru: maravilhe-se com Machu Picchu, explore a Amaz\u00f4nia e aproveite sua cultura e culin\u00e1ria \u00fanicas.\" \/>\n<meta name=\"robots\" content=\"index, follow, max-snippet:-1, max-image-preview:large, max-video-preview:-1\" \/>\n<link rel=\"canonical\" href=\"https:\/\/grouptravelperu.com\/pt-br\/pacotes-peru\/\" \/>\n<meta property=\"og:locale\" content=\"pt_BR\" \/>\n<meta property=\"og:type\" content=\"article\" \/>\n<meta property=\"og:title\" content=\"Pacotes Peru\" \/>\n<meta property=\"og:description\" content=\"Viva f\u00e9rias Pacotes no Peru: maravilhe-se com Machu Picchu, explore a Amaz\u00f4nia e aproveite sua cultura e culin\u00e1ria \u00fanicas.\" \/>\n<meta property=\"og:url\" content=\"https:\/\/grouptravelperu.com\/pt-br\/pacotes-peru\/\" \/>\n<meta property=\"og:site_name\" content=\"Group Travel Peru\" \/>\n<meta property=\"article:modified_time\" content=\"2025-06-12T23:37:21+00:00\" \/>\n<meta property=\"og:image\" content=\"https:\/\/grouptravelperu.com\/wp-content\/uploads\/Vacaciones-Peru.webp\" \/>\n\t<meta property=\"og:image:width\" content=\"2006\" \/>\n\t<meta property=\"og:image:height\" content=\"405\" \/>\n\t<meta property=\"og:image:type\" content=\"image\/webp\" \/>\n<meta name=\"twitter:card\" content=\"summary_large_image\" \/>\n<meta name=\"twitter:label1\" content=\"Est. tempo de leitura\" \/>\n\t<meta name=\"twitter:data1\" content=\"2 minutos\" \/>\n<script type=\"application\/ld+json\" class=\"yoast-schema-graph\">{\"@context\":\"https:\\\/\\\/schema.org\",\"@graph\":[{\"@type\":\"WebPage\",\"@id\":\"https:\\\/\\\/grouptravelperu.com\\\/pt-br\\\/pacotes-peru\\\/\",\"url\":\"https:\\\/\\\/grouptravelperu.com\\\/pt-br\\\/pacotes-peru\\\/\",\"name\":\"Pacotes Peru - Group Travel Peru\",\"isPartOf\":{\"@id\":\"https:\\\/\\\/grouptravelperu.com\\\/#website\"},\"primaryImageOfPage\":{\"@id\":\"https:\\\/\\\/grouptravelperu.com\\\/pt-br\\\/pacotes-peru\\\/#primaryimage\"},\"image\":{\"@id\":\"https:\\\/\\\/grouptravelperu.com\\\/pt-br\\\/pacotes-peru\\\/#primaryimage\"},\"thumbnailUrl\":\"https:\\\/\\\/grouptravelperu.com\\\/wp-content\\\/uploads\\\/Vacaciones-Peru.webp\",\"datePublished\":\"2025-04-26T14:12:32+00:00\",\"dateModified\":\"2025-06-12T23:37:21+00:00\",\"description\":\"Viva f\u00e9rias Pacotes no Peru: maravilhe-se com Machu Picchu, explore a Amaz\u00f4nia e aproveite sua cultura e culin\u00e1ria \u00fanicas.\",\"breadcrumb\":{\"@id\":\"https:\\\/\\\/grouptravelperu.com\\\/pt-br\\\/pacotes-peru\\\/#breadcrumb\"},\"inLanguage\":\"pt-BR\",\"potentialAction\":[{\"@type\":\"ReadAction\",\"target\":[\"https:\\\/\\\/grouptravelperu.com\\\/pt-br\\\/pacotes-peru\\\/\"]}]},{\"@type\":\"ImageObject\",\"inLanguage\":\"pt-BR\",\"@id\":\"https:\\\/\\\/grouptravelperu.com\\\/pt-br\\\/pacotes-peru\\\/#primaryimage\",\"url\":\"https:\\\/\\\/grouptravelperu.com\\\/wp-content\\\/uploads\\\/Vacaciones-Peru.webp\",\"contentUrl\":\"https:\\\/\\\/grouptravelperu.com\\\/wp-content\\\/uploads\\\/Vacaciones-Peru.webp\",\"width\":2006,\"height\":405},{\"@type\":\"BreadcrumbList\",\"@id\":\"https:\\\/\\\/grouptravelperu.com\\\/pt-br\\\/pacotes-peru\\\/#breadcrumb\",\"itemListElement\":[{\"@type\":\"ListItem\",\"position\":1,\"name\":\"Home\",\"item\":\"https:\\\/\\\/grouptravelperu.com\\\/pt-br\\\/\"},{\"@type\":\"ListItem\",\"position\":2,\"name\":\"Pacotes Peru\"}]},{\"@type\":\"WebSite\",\"@id\":\"https:\\\/\\\/grouptravelperu.com\\\/#website\",\"url\":\"https:\\\/\\\/grouptravelperu.com\\\/\",\"name\":\"Group Travel Peru\",\"description\":\"\",\"publisher\":{\"@id\":\"https:\\\/\\\/grouptravelperu.com\\\/#organization\"},\"alternateName\":\"Group Travel Peru\",\"potentialAction\":[{\"@type\":\"SearchAction\",\"target\":{\"@type\":\"EntryPoint\",\"urlTemplate\":\"https:\\\/\\\/grouptravelperu.com\\\/?s={search_term_string}\"},\"query-input\":{\"@type\":\"PropertyValueSpecification\",\"valueRequired\":true,\"valueName\":\"search_term_string\"}}],\"inLanguage\":\"pt-BR\"},{\"@type\":\"Organization\",\"@id\":\"https:\\\/\\\/grouptravelperu.com\\\/#organization\",\"name\":\"Group Travel Peru\",\"url\":\"https:\\\/\\\/grouptravelperu.com\\\/\",\"logo\":{\"@type\":\"ImageObject\",\"inLanguage\":\"pt-BR\",\"@id\":\"https:\\\/\\\/grouptravelperu.com\\\/#\\\/schema\\\/logo\\\/image\\\/\",\"url\":\"https:\\\/\\\/grouptravelperu.com\\\/wp-content\\\/uploads\\\/Logo-vertical.jpg\",\"contentUrl\":\"https:\\\/\\\/grouptravelperu.com\\\/wp-content\\\/uploads\\\/Logo-vertical.jpg\",\"width\":685,\"height\":1000,\"caption\":\"Group Travel Peru\"},\"image\":{\"@id\":\"https:\\\/\\\/grouptravelperu.com\\\/#\\\/schema\\\/logo\\\/image\\\/\"}}]}<\/script>\n<!-- \/ Yoast SEO Premium plugin. -->","yoast_head_json":{"title":"Pacotes Peru - Group Travel Peru","description":"Viva f\u00e9rias Pacotes no Peru: maravilhe-se com Machu Picchu, explore a Amaz\u00f4nia e aproveite sua cultura e culin\u00e1ria \u00fanicas.","robots":{"index":"index","follow":"follow","max-snippet":"max-snippet:-1","max-image-preview":"max-image-preview:large","max-video-preview":"max-video-preview:-1"},"canonical":"https:\/\/grouptravelperu.com\/pt-br\/pacotes-peru\/","og_locale":"pt_BR","og_type":"article","og_title":"Pacotes Peru","og_description":"Viva f\u00e9rias Pacotes no Peru: maravilhe-se com Machu Picchu, explore a Amaz\u00f4nia e aproveite sua cultura e culin\u00e1ria \u00fanicas.","og_url":"https:\/\/grouptravelperu.com\/pt-br\/pacotes-peru\/","og_site_name":"Group Travel Peru","article_modified_time":"2025-06-12T23:37:21+00:00","og_image":[{"width":2006,"height":405,"url":"https:\/\/grouptravelperu.com\/wp-content\/uploads\/Vacaciones-Peru.webp","type":"image\/webp"}],"twitter_card":"summary_large_image","twitter_misc":{"Est. tempo de leitura":"2 minutos"},"schema":{"@context":"https:\/\/schema.org","@graph":[{"@type":"WebPage","@id":"https:\/\/grouptravelperu.com\/pt-br\/pacotes-peru\/","url":"https:\/\/grouptravelperu.com\/pt-br\/pacotes-peru\/","name":"Pacotes Peru - Group Travel Peru","isPartOf":{"@id":"https:\/\/grouptravelperu.com\/#website"},"primaryImageOfPage":{"@id":"https:\/\/grouptravelperu.com\/pt-br\/pacotes-peru\/#primaryimage"},"image":{"@id":"https:\/\/grouptravelperu.com\/pt-br\/pacotes-peru\/#primaryimage"},"thumbnailUrl":"https:\/\/grouptravelperu.com\/wp-content\/uploads\/Vacaciones-Peru.webp","datePublished":"2025-04-26T14:12:32+00:00","dateModified":"2025-06-12T23:37:21+00:00","description":"Viva f\u00e9rias Pacotes no Peru: maravilhe-se com Machu Picchu, explore a Amaz\u00f4nia e aproveite sua cultura e culin\u00e1ria \u00fanicas.","breadcrumb":{"@id":"https:\/\/grouptravelperu.com\/pt-br\/pacotes-peru\/#breadcrumb"},"inLanguage":"pt-BR","potentialAction":[{"@type":"ReadAction","target":["https:\/\/grouptravelperu.com\/pt-br\/pacotes-peru\/"]}]},{"@type":"ImageObject","inLanguage":"pt-BR","@id":"https:\/\/grouptravelperu.com\/pt-br\/pacotes-peru\/#primaryimage","url":"https:\/\/grouptravelperu.com\/wp-content\/uploads\/Vacaciones-Peru.webp","contentUrl":"https:\/\/grouptravelperu.com\/wp-content\/uploads\/Vacaciones-Peru.webp","width":2006,"height":405},{"@type":"BreadcrumbList","@id":"https:\/\/grouptravelperu.com\/pt-br\/pacotes-peru\/#breadcrumb","itemListElement":[{"@type":"ListItem","position":1,"name":"Home","item":"https:\/\/grouptravelperu.com\/pt-br\/"},{"@type":"ListItem","position":2,"name":"Pacotes Peru"}]},{"@type":"WebSite","@id":"https:\/\/grouptravelperu.com\/#website","url":"https:\/\/grouptravelperu.com\/","name":"Group Travel Peru","description":"","publisher":{"@id":"https:\/\/grouptravelperu.com\/#organization"},"alternateName":"Group Travel Peru","potentialAction":[{"@type":"SearchAction","target":{"@type":"EntryPoint","urlTemplate":"https:\/\/grouptravelperu.com\/?s={search_term_string}"},"query-input":{"@type":"PropertyValueSpecification","valueRequired":true,"valueName":"search_term_string"}}],"inLanguage":"pt-BR"},{"@type":"Organization","@id":"https:\/\/grouptravelperu.com\/#organization","name":"Group Travel Peru","url":"https:\/\/grouptravelperu.com\/","logo":{"@type":"ImageObject","inLanguage":"pt-BR","@id":"https:\/\/grouptravelperu.com\/#\/schema\/logo\/image\/","url":"https:\/\/grouptravelperu.com\/wp-content\/uploads\/Logo-vertical.jpg","contentUrl":"https:\/\/grouptravelperu.com\/wp-content\/uploads\/Logo-vertical.jpg","width":685,"height":1000,"caption":"Group Travel Peru"},"image":{"@id":"https:\/\/grouptravelperu.com\/#\/schema\/logo\/image\/"}}]}},"coauthors":[],"author_meta":{"author_link":"https:\/\/grouptravelperu.com\/pt-br\/author\/admin_editor\/","display_name":"Editor Gtp"},"relative_dates":{"created":"Publicado 12 meses atr\u00e1s","modified":"Atualizado 10 meses atr\u00e1s"},"absolute_dates":{"created":"Publicado em 26 de abril de 2025","modified":"Atualizado em 12 de junho de 2025"},"absolute_dates_time":{"created":"Publicado em 26 de abril de 2025 09:12","modified":"Atualizado em 12 de junho de 2025 18:37"},"featured_img_caption":"","featured_img":"https:\/\/grouptravelperu.com\/wp-content\/uploads\/Vacaciones-Peru.webp","series_order":"","_links":{"self":[{"href":"https:\/\/grouptravelperu.com\/pt-br\/wp-json\/wp\/v2\/pages\/1328","targetHints":{"allow":["GET"]}}],"collection":[{"href":"https:\/\/grouptravelperu.com\/pt-br\/wp-json\/wp\/v2\/pages"}],"about":[{"href":"https:\/\/grouptravelperu.com\/pt-br\/wp-json\/wp\/v2\/types\/page"}],"author":[{"embeddable":true,"href":"https:\/\/grouptravelperu.com\/pt-br\/wp-json\/wp\/v2\/users\/2"}],"replies":[{"embeddable":true,"href":"https:\/\/grouptravelperu.com\/pt-br\/wp-json\/wp\/v2\/comments?post=1328"}],"version-history":[{"count":0,"href":"https:\/\/grouptravelperu.com\/pt-br\/wp-json\/wp\/v2\/pages\/1328\/revisions"}],"wp:featuredmedia":[{"embeddable":true,"href":"https:\/\/grouptravelperu.com\/pt-br\/wp-json\/wp\/v2\/media\/23247"}],"wp:attachment":[{"href":"https:\/\/grouptravelperu.com\/pt-br\/wp-json\/wp\/v2\/media?parent=1328"}],"curies":[{"name":"wp","href":"https:\/\/api.w.org\/{rel}","templated":true}]}}