{"id":21805,"date":"2023-10-03T00:02:40","date_gmt":"2023-10-03T05:02:40","guid":{"rendered":"https:\/\/grouptravelperu.com\/nosotros\/"},"modified":"2025-11-18T18:52:51","modified_gmt":"2025-11-18T23:52:51","slug":"nos","status":"publish","type":"page","link":"https:\/\/grouptravelperu.com\/pt-br\/nos\/","title":{"rendered":"Sobre a Gente"},"content":{"rendered":"\n<p>Somos uma empresa de turismo estabelecida no Peru. Nossa funda\u00e7\u00e3o surge do desejo de fornecer aos nossos futuros clientes uma solu\u00e7\u00e3o abrangente para suas viagens, oferecendo uma ampla gama de passeios e multidestinos.<\/p>\n\n\n\n<p>Com uma s\u00f3lida trajet\u00f3ria na ind\u00fastria do turismo, \u201cGROUP TRAVEL PERU\u201d nos especializamos em criar e personalizar pacotes de viagens para o Peru e Bol\u00edvia.<\/p>\n\n\n\n<p>Dentro do nosso diversificado cat\u00e1logo de experi\u00eancias, oferecemos-lhe a oportunidade de conhecer destinos emblem\u00e1ticos como Machu Picchu e poder viver umas emocionantes aventuras, como a Trilha Inca e o Salkantay trek para Machu Picchu.<\/p>\n\n\n\n<p>Al\u00e9m disso, temos outras alternativas fascinantes na Bol\u00edvia, um destino que oferece uma mistura \u00fanica de aventura, cultura e hist\u00f3ria. &nbsp;Estamos aqui para ajud\u00e1-lo a conhecer e descobrir tudo o que estes 2 pa\u00edses lindos t\u00eam a oferecer.<\/p>\n\n\n\n<div style=\"height:29px\" aria-hidden=\"true\" class=\"wp-block-spacer\"><\/div>\n\n\n\n<div class=\"wp-block-columns is-layout-flex wp-container-core-columns-is-layout-9d6595d7 wp-block-columns-is-layout-flex\">\n<div class=\"wp-block-column is-layout-flow wp-block-column-is-layout-flow\">\n<h2 class=\"wp-block-heading\">Miss\u00e3o<\/h2>\n\n\n\n<p>No <strong>GROUP TRAVEL PERU<\/strong>, a nossa miss\u00e3o \u00e9 proporcionar experi\u00eancias de viagens excepcionais, que permitem aos nossos clientes descobrir a beleza e diversidade do Peru de uma forma \u00fanica e memor\u00e1vel.<\/p>\n\n\n\n<h2 class=\"wp-block-heading\">Vis\u00e3o<\/h2>\n\n\n\n<p>Ser o parceiro de confian\u00e7a dos nossos clientes, oferecendo-lhes uma ampla gama de servi\u00e7os tur\u00edsticos, apoiando-os em todas as fases da sua viagem, desde o planejamento at\u00e9 a experi\u00eancia e muito mais.<\/p>\n\n\n\n<h2 class=\"wp-block-heading\">Nossos Valores<\/h2>\n\n\n\n<div class=\"wp-block-advgb-list\"><ul class=\"advgblist-779d5b64-db02-4c2d-ab42-e92c612a70fc advgb-list advgb-list-arrow-right-alt2\">\n<li>Compromisso com a satisfa\u00e7\u00e3o do cliente.<\/li>\n\n\n\n<li>Responsabilidade ambiental e social.<\/li>\n\n\n\n<li>Inova\u00e7\u00e3o e criatividade.<\/li>\n\n\n\n<li>Excel\u00eancia no atendimento.<\/li>\n\n\n\n<li>Paix\u00e3o por viagens.<\/li>\n<\/ul><\/div>\n<\/div>\n\n\n\n<div class=\"wp-block-column is-layout-flow wp-block-column-is-layout-flow\"><div class=\"wp-block-image\">\n<figure class=\"aligncenter size-large is-resized\"><img loading=\"lazy\" decoding=\"async\" width=\"847\" height=\"1024\" src=\"https:\/\/grouptravelperu.com\/wp-content\/uploads\/Vision-Mision-Nuestros-Valores-Group-Travel-Peru-1-847x1024.webp\" alt=\"\" class=\"wp-image-24580\" style=\"width:427px;height:auto\" srcset=\"https:\/\/grouptravelperu.com\/wp-content\/uploads\/Vision-Mision-Nuestros-Valores-Group-Travel-Peru-1-847x1024.webp 847w, https:\/\/grouptravelperu.com\/wp-content\/uploads\/Vision-Mision-Nuestros-Valores-Group-Travel-Peru-1-248x300.webp 248w, https:\/\/grouptravelperu.com\/wp-content\/uploads\/Vision-Mision-Nuestros-Valores-Group-Travel-Peru-1-768x929.webp 768w, https:\/\/grouptravelperu.com\/wp-content\/uploads\/Vision-Mision-Nuestros-Valores-Group-Travel-Peru-1.webp 1191w\" sizes=\"auto, (max-width: 847px) 100vw, 847px\" \/><\/figure>\n<\/div><\/div>\n<\/div>\n\n\n\n<div style=\"height:29px\" aria-hidden=\"true\" class=\"wp-block-spacer\"><\/div>\n\n\n\n<h2 class=\"wp-block-heading has-text-align-center\" id=\"h-somos-una-agencia-de-viajes-licenciada-y-certificada-por-el-estado\">Somos una agencia de viajes licenciada y certificada por el estado<\/h2>\n\n\n\n<div style=\"height:29px\" aria-hidden=\"true\" class=\"wp-block-spacer\"><\/div>\n\n\n\n<figure class=\"wp-block-gallery has-nested-images columns-5 is-cropped wp-block-gallery-1 is-layout-flex wp-block-gallery-is-layout-flex\">\n<figure data-wp-context=\"{&quot;imageId&quot;:&quot;69f4e878db7a3&quot;}\" data-wp-interactive=\"core\/image\" data-wp-key=\"69f4e878db7a3\" class=\"wp-block-image size-full wp-lightbox-container\"><img loading=\"lazy\" decoding=\"async\" width=\"389\" height=\"550\" data-wp-class--hide=\"state.isContentHidden\" data-wp-class--show=\"state.isContentVisible\" data-wp-init=\"callbacks.setButtonStyles\" data-wp-on--click=\"actions.showLightbox\" data-wp-on--load=\"callbacks.setButtonStyles\" data-wp-on-window--resize=\"callbacks.setButtonStyles\" data-id=\"24553\" src=\"https:\/\/grouptravelperu.com\/wp-content\/uploads\/image1.png\" alt=\"\" class=\"wp-image-24553\" srcset=\"https:\/\/grouptravelperu.com\/wp-content\/uploads\/image1.png 389w, https:\/\/grouptravelperu.com\/wp-content\/uploads\/image1-212x300.png 212w\" sizes=\"auto, (max-width: 389px) 100vw, 389px\" \/><button\n\t\t\tclass=\"lightbox-trigger\"\n\t\t\ttype=\"button\"\n\t\t\taria-haspopup=\"dialog\"\n\t\t\taria-label=\"Ampliar\"\n\t\t\tdata-wp-init=\"callbacks.initTriggerButton\"\n\t\t\tdata-wp-on--click=\"actions.showLightbox\"\n\t\t\tdata-wp-style--right=\"state.imageButtonRight\"\n\t\t\tdata-wp-style--top=\"state.imageButtonTop\"\n\t\t>\n\t\t\t<svg xmlns=\"http:\/\/www.w3.org\/2000\/svg\" width=\"12\" height=\"12\" fill=\"none\" viewBox=\"0 0 12 12\">\n\t\t\t\t<path fill=\"#fff\" d=\"M2 0a2 2 0 0 0-2 2v2h1.5V2a.5.5 0 0 1 .5-.5h2V0H2Zm2 10.5H2a.5.5 0 0 1-.5-.5V8H0v2a2 2 0 0 0 2 2h2v-1.5ZM8 12v-1.5h2a.5.5 0 0 0 .5-.5V8H12v2a2 2 0 0 1-2 2H8Zm2-12a2 2 0 0 1 2 2v2h-1.5V2a.5.5 0 0 0-.5-.5H8V0h2Z\" \/>\n\t\t\t<\/svg>\n\t\t<\/button><\/figure>\n\n\n\n<figure data-wp-context=\"{&quot;imageId&quot;:&quot;69f4e878dbed5&quot;}\" data-wp-interactive=\"core\/image\" data-wp-key=\"69f4e878dbed5\" class=\"wp-block-image size-full wp-lightbox-container\"><img loading=\"lazy\" decoding=\"async\" width=\"497\" height=\"705\" data-wp-class--hide=\"state.isContentHidden\" data-wp-class--show=\"state.isContentVisible\" data-wp-init=\"callbacks.setButtonStyles\" data-wp-on--click=\"actions.showLightbox\" data-wp-on--load=\"callbacks.setButtonStyles\" data-wp-on-window--resize=\"callbacks.setButtonStyles\" data-id=\"23895\" src=\"https:\/\/grouptravelperu.com\/wp-content\/uploads\/codigo-esnna-group-travel-peru-1.webp\" alt=\"\" class=\"wp-image-23895\" srcset=\"https:\/\/grouptravelperu.com\/wp-content\/uploads\/codigo-esnna-group-travel-peru-1.webp 497w, https:\/\/grouptravelperu.com\/wp-content\/uploads\/codigo-esnna-group-travel-peru-1-211x300.webp 211w\" sizes=\"auto, (max-width: 497px) 100vw, 497px\" \/><button\n\t\t\tclass=\"lightbox-trigger\"\n\t\t\ttype=\"button\"\n\t\t\taria-haspopup=\"dialog\"\n\t\t\taria-label=\"Ampliar\"\n\t\t\tdata-wp-init=\"callbacks.initTriggerButton\"\n\t\t\tdata-wp-on--click=\"actions.showLightbox\"\n\t\t\tdata-wp-style--right=\"state.imageButtonRight\"\n\t\t\tdata-wp-style--top=\"state.imageButtonTop\"\n\t\t>\n\t\t\t<svg xmlns=\"http:\/\/www.w3.org\/2000\/svg\" width=\"12\" height=\"12\" fill=\"none\" viewBox=\"0 0 12 12\">\n\t\t\t\t<path fill=\"#fff\" d=\"M2 0a2 2 0 0 0-2 2v2h1.5V2a.5.5 0 0 1 .5-.5h2V0H2Zm2 10.5H2a.5.5 0 0 1-.5-.5V8H0v2a2 2 0 0 0 2 2h2v-1.5ZM8 12v-1.5h2a.5.5 0 0 0 .5-.5V8H12v2a2 2 0 0 1-2 2H8Zm2-12a2 2 0 0 1 2 2v2h-1.5V2a.5.5 0 0 0-.5-.5H8V0h2Z\" \/>\n\t\t\t<\/svg>\n\t\t<\/button><\/figure>\n\n\n\n<figure data-wp-context=\"{&quot;imageId&quot;:&quot;69f4e878dbb30&quot;}\" data-wp-interactive=\"core\/image\" data-wp-key=\"69f4e878dbb30\" class=\"wp-block-image size-full wp-lightbox-container\"><img loading=\"lazy\" decoding=\"async\" width=\"389\" height=\"550\" data-wp-class--hide=\"state.isContentHidden\" data-wp-class--show=\"state.isContentVisible\" data-wp-init=\"callbacks.setButtonStyles\" data-wp-on--click=\"actions.showLightbox\" data-wp-on--load=\"callbacks.setButtonStyles\" data-wp-on-window--resize=\"callbacks.setButtonStyles\" data-id=\"24555\" src=\"https:\/\/grouptravelperu.com\/wp-content\/uploads\/image.png\" alt=\"\" class=\"wp-image-24555\" srcset=\"https:\/\/grouptravelperu.com\/wp-content\/uploads\/image.png 389w, https:\/\/grouptravelperu.com\/wp-content\/uploads\/image-212x300.png 212w\" sizes=\"auto, (max-width: 389px) 100vw, 389px\" \/><button\n\t\t\tclass=\"lightbox-trigger\"\n\t\t\ttype=\"button\"\n\t\t\taria-haspopup=\"dialog\"\n\t\t\taria-label=\"Ampliar\"\n\t\t\tdata-wp-init=\"callbacks.initTriggerButton\"\n\t\t\tdata-wp-on--click=\"actions.showLightbox\"\n\t\t\tdata-wp-style--right=\"state.imageButtonRight\"\n\t\t\tdata-wp-style--top=\"state.imageButtonTop\"\n\t\t>\n\t\t\t<svg xmlns=\"http:\/\/www.w3.org\/2000\/svg\" width=\"12\" height=\"12\" fill=\"none\" viewBox=\"0 0 12 12\">\n\t\t\t\t<path fill=\"#fff\" d=\"M2 0a2 2 0 0 0-2 2v2h1.5V2a.5.5 0 0 1 .5-.5h2V0H2Zm2 10.5H2a.5.5 0 0 1-.5-.5V8H0v2a2 2 0 0 0 2 2h2v-1.5ZM8 12v-1.5h2a.5.5 0 0 0 .5-.5V8H12v2a2 2 0 0 1-2 2H8Zm2-12a2 2 0 0 1 2 2v2h-1.5V2a.5.5 0 0 0-.5-.5H8V0h2Z\" \/>\n\t\t\t<\/svg>\n\t\t<\/button><\/figure>\n\n\n\n<figure data-wp-context=\"{&quot;imageId&quot;:&quot;69f4e878db3c4&quot;}\" data-wp-interactive=\"core\/image\" data-wp-key=\"69f4e878db3c4\" class=\"wp-block-image size-full wp-lightbox-container\"><img loading=\"lazy\" decoding=\"async\" width=\"389\" height=\"550\" data-wp-class--hide=\"state.isContentHidden\" data-wp-class--show=\"state.isContentVisible\" data-wp-init=\"callbacks.setButtonStyles\" data-wp-on--click=\"actions.showLightbox\" data-wp-on--load=\"callbacks.setButtonStyles\" data-wp-on-window--resize=\"callbacks.setButtonStyles\" data-id=\"24551\" src=\"https:\/\/grouptravelperu.com\/wp-content\/uploads\/image-65.png\" alt=\"\" class=\"wp-image-24551\" srcset=\"https:\/\/grouptravelperu.com\/wp-content\/uploads\/image-65.png 389w, https:\/\/grouptravelperu.com\/wp-content\/uploads\/image-65-212x300.png 212w\" sizes=\"auto, (max-width: 389px) 100vw, 389px\" \/><button\n\t\t\tclass=\"lightbox-trigger\"\n\t\t\ttype=\"button\"\n\t\t\taria-haspopup=\"dialog\"\n\t\t\taria-label=\"Ampliar\"\n\t\t\tdata-wp-init=\"callbacks.initTriggerButton\"\n\t\t\tdata-wp-on--click=\"actions.showLightbox\"\n\t\t\tdata-wp-style--right=\"state.imageButtonRight\"\n\t\t\tdata-wp-style--top=\"state.imageButtonTop\"\n\t\t>\n\t\t\t<svg xmlns=\"http:\/\/www.w3.org\/2000\/svg\" width=\"12\" height=\"12\" fill=\"none\" viewBox=\"0 0 12 12\">\n\t\t\t\t<path fill=\"#fff\" d=\"M2 0a2 2 0 0 0-2 2v2h1.5V2a.5.5 0 0 1 .5-.5h2V0H2Zm2 10.5H2a.5.5 0 0 1-.5-.5V8H0v2a2 2 0 0 0 2 2h2v-1.5ZM8 12v-1.5h2a.5.5 0 0 0 .5-.5V8H12v2a2 2 0 0 1-2 2H8Zm2-12a2 2 0 0 1 2 2v2h-1.5V2a.5.5 0 0 0-.5-.5H8V0h2Z\" \/>\n\t\t\t<\/svg>\n\t\t<\/button><\/figure>\n\n\n\n<figure data-wp-context=\"{&quot;imageId&quot;:&quot;69f4e878dc36e&quot;}\" data-wp-interactive=\"core\/image\" data-wp-key=\"69f4e878dc36e\" class=\"wp-block-image size-full wp-lightbox-container\"><img loading=\"lazy\" decoding=\"async\" width=\"1141\" height=\"1600\" data-wp-class--hide=\"state.isContentHidden\" data-wp-class--show=\"state.isContentVisible\" data-wp-init=\"callbacks.setButtonStyles\" data-wp-on--click=\"actions.showLightbox\" data-wp-on--load=\"callbacks.setButtonStyles\" data-wp-on-window--resize=\"callbacks.setButtonStyles\" data-id=\"27582\" src=\"https:\/\/grouptravelperu.com\/wp-content\/uploads\/mincetur.jpg\" alt=\"\" class=\"wp-image-27582\" srcset=\"https:\/\/grouptravelperu.com\/wp-content\/uploads\/mincetur.jpg 1141w, https:\/\/grouptravelperu.com\/wp-content\/uploads\/mincetur-214x300.jpg 214w, https:\/\/grouptravelperu.com\/wp-content\/uploads\/mincetur-730x1024.jpg 730w, https:\/\/grouptravelperu.com\/wp-content\/uploads\/mincetur-768x1077.jpg 768w, https:\/\/grouptravelperu.com\/wp-content\/uploads\/mincetur-1095x1536.jpg 1095w\" sizes=\"auto, (max-width: 1141px) 100vw, 1141px\" \/><button\n\t\t\tclass=\"lightbox-trigger\"\n\t\t\ttype=\"button\"\n\t\t\taria-haspopup=\"dialog\"\n\t\t\taria-label=\"Ampliar\"\n\t\t\tdata-wp-init=\"callbacks.initTriggerButton\"\n\t\t\tdata-wp-on--click=\"actions.showLightbox\"\n\t\t\tdata-wp-style--right=\"state.imageButtonRight\"\n\t\t\tdata-wp-style--top=\"state.imageButtonTop\"\n\t\t>\n\t\t\t<svg xmlns=\"http:\/\/www.w3.org\/2000\/svg\" width=\"12\" height=\"12\" fill=\"none\" viewBox=\"0 0 12 12\">\n\t\t\t\t<path fill=\"#fff\" d=\"M2 0a2 2 0 0 0-2 2v2h1.5V2a.5.5 0 0 1 .5-.5h2V0H2Zm2 10.5H2a.5.5 0 0 1-.5-.5V8H0v2a2 2 0 0 0 2 2h2v-1.5ZM8 12v-1.5h2a.5.5 0 0 0 .5-.5V8H12v2a2 2 0 0 1-2 2H8Zm2-12a2 2 0 0 1 2 2v2h-1.5V2a.5.5 0 0 0-.5-.5H8V0h2Z\" \/>\n\t\t\t<\/svg>\n\t\t<\/button><\/figure>\n<\/figure>\n<style class=\"advgb-styles-renderer\">.wp-block-advgb-list ul.advgblist-779d5b64-db02-4c2d-ab42-e92c612a70fc > li{font-size:16px;}.wp-block-advgb-list ul.advgblist-779d5b64-db02-4c2d-ab42-e92c612a70fc > li{padding-left:18px;margin-left:0;}.wp-block-advgb-list ul.advgblist-779d5b64-db02-4c2d-ab42-e92c612a70fc > li:before{font-size:16px;color:#fd7f47;line-height:18px;margin:2px;padding:2px;margin-left:-20px}.wp-block-advgb-list ul.advgblist-779d5b64-db02-4c2d-ab42-e92c612a70fc > li{font-size:16px;}.wp-block-advgb-list ul.advgblist-779d5b64-db02-4c2d-ab42-e92c612a70fc > li{padding-left:18px;margin-left:0;}.wp-block-advgb-list ul.advgblist-779d5b64-db02-4c2d-ab42-e92c612a70fc > li:before{font-size:16px;color:#fd7f47;line-height:18px;margin:2px;padding:2px;margin-left:-20px}.wp-block-advgb-list ul.advgblist-779d5b64-db02-4c2d-ab42-e92c612a70fc > li{font-size:16px;}.wp-block-advgb-list ul.advgblist-779d5b64-db02-4c2d-ab42-e92c612a70fc > li{padding-left:18px;margin-left:0;}.wp-block-advgb-list ul.advgblist-779d5b64-db02-4c2d-ab42-e92c612a70fc > li:before{font-size:16px;color:#fd7f47;line-height:18px;margin:2px;padding:2px;margin-left:-20px}<\/style>","protected":false},"excerpt":{"rendered":"<p>Somos uma empresa de turismo estabelecida no Peru. Nossa funda\u00e7\u00e3o surge do desejo de fornecer aos nossos futuros clientes uma solu\u00e7\u00e3o abrangente para suas viagens, oferecendo uma ampla gama de passeios e multidestinos. Com uma s\u00f3lida trajet\u00f3ria na ind\u00fastria do turismo, \u201cGROUP TRAVEL PERU\u201d nos especializamos em criar e personalizar pacotes de viagens para o [&hellip;]<\/p>\n","protected":false},"author":1,"featured_media":23243,"parent":0,"menu_order":0,"comment_status":"closed","ping_status":"closed","template":"page-nosotros.php","meta":{"_acf_changed":false,"advgb_blocks_editor_width":"","advgb_blocks_columns_visual_guide":"","footnotes":""},"class_list":["post-21805","page","type-page","status-publish","has-post-thumbnail","hentry"],"acf":[],"yoast_head":"<!-- This site is optimized with the Yoast SEO Premium plugin v26.3 (Yoast SEO v27.5) - https:\/\/yoast.com\/product\/yoast-seo-premium-wordpress\/ -->\n<title>Sobre a Gente - Group Travel Peru<\/title>\n<meta name=\"description\" content=\"Sobre n\u00f3s: Transforme seus sonhos em aventuras impactantes. Em nossa ag\u00eancia, oferecemos a chave para lugares inimagin\u00e1veis.\" \/>\n<meta name=\"robots\" content=\"index, follow, max-snippet:-1, max-image-preview:large, max-video-preview:-1\" \/>\n<link rel=\"canonical\" href=\"https:\/\/grouptravelperu.com\/pt-br\/nos\/\" \/>\n<meta property=\"og:locale\" content=\"pt_BR\" \/>\n<meta property=\"og:type\" content=\"article\" \/>\n<meta property=\"og:title\" content=\"Sobre a Gente\" \/>\n<meta property=\"og:description\" content=\"Sobre n\u00f3s: Transforme seus sonhos em aventuras impactantes. Em nossa ag\u00eancia, oferecemos a chave para lugares inimagin\u00e1veis.\" \/>\n<meta property=\"og:url\" content=\"https:\/\/grouptravelperu.com\/pt-br\/nos\/\" \/>\n<meta property=\"og:site_name\" content=\"Group Travel Peru\" \/>\n<meta property=\"article:modified_time\" content=\"2025-11-18T23:52:51+00:00\" \/>\n<meta property=\"og:image\" content=\"https:\/\/grouptravelperu.com\/wp-content\/uploads\/caminata.webp\" \/>\n\t<meta property=\"og:image:width\" content=\"2005\" \/>\n\t<meta property=\"og:image:height\" content=\"405\" \/>\n\t<meta property=\"og:image:type\" content=\"image\/webp\" \/>\n<meta name=\"twitter:card\" content=\"summary_large_image\" \/>\n<meta name=\"twitter:label1\" content=\"Est. tempo de leitura\" \/>\n\t<meta name=\"twitter:data1\" content=\"3 minutos\" \/>\n<script type=\"application\/ld+json\" class=\"yoast-schema-graph\">{\"@context\":\"https:\\\/\\\/schema.org\",\"@graph\":[{\"@type\":\"WebPage\",\"@id\":\"https:\\\/\\\/grouptravelperu.com\\\/pt-br\\\/nos\\\/\",\"url\":\"https:\\\/\\\/grouptravelperu.com\\\/pt-br\\\/nos\\\/\",\"name\":\"Sobre a Gente - Group Travel Peru\",\"isPartOf\":{\"@id\":\"https:\\\/\\\/grouptravelperu.com\\\/#website\"},\"primaryImageOfPage\":{\"@id\":\"https:\\\/\\\/grouptravelperu.com\\\/pt-br\\\/nos\\\/#primaryimage\"},\"image\":{\"@id\":\"https:\\\/\\\/grouptravelperu.com\\\/pt-br\\\/nos\\\/#primaryimage\"},\"thumbnailUrl\":\"https:\\\/\\\/grouptravelperu.com\\\/wp-content\\\/uploads\\\/caminata.webp\",\"datePublished\":\"2023-10-03T05:02:40+00:00\",\"dateModified\":\"2025-11-18T23:52:51+00:00\",\"description\":\"Sobre n\u00f3s: Transforme seus sonhos em aventuras impactantes. Em nossa ag\u00eancia, oferecemos a chave para lugares inimagin\u00e1veis.\",\"breadcrumb\":{\"@id\":\"https:\\\/\\\/grouptravelperu.com\\\/pt-br\\\/nos\\\/#breadcrumb\"},\"inLanguage\":\"pt-BR\",\"potentialAction\":[{\"@type\":\"ReadAction\",\"target\":[\"https:\\\/\\\/grouptravelperu.com\\\/pt-br\\\/nos\\\/\"]}]},{\"@type\":\"ImageObject\",\"inLanguage\":\"pt-BR\",\"@id\":\"https:\\\/\\\/grouptravelperu.com\\\/pt-br\\\/nos\\\/#primaryimage\",\"url\":\"https:\\\/\\\/grouptravelperu.com\\\/wp-content\\\/uploads\\\/caminata.webp\",\"contentUrl\":\"https:\\\/\\\/grouptravelperu.com\\\/wp-content\\\/uploads\\\/caminata.webp\",\"width\":2005,\"height\":405},{\"@type\":\"BreadcrumbList\",\"@id\":\"https:\\\/\\\/grouptravelperu.com\\\/pt-br\\\/nos\\\/#breadcrumb\",\"itemListElement\":[{\"@type\":\"ListItem\",\"position\":1,\"name\":\"Home\",\"item\":\"https:\\\/\\\/grouptravelperu.com\\\/pt-br\\\/\"},{\"@type\":\"ListItem\",\"position\":2,\"name\":\"Sobre a Gente\"}]},{\"@type\":\"WebSite\",\"@id\":\"https:\\\/\\\/grouptravelperu.com\\\/#website\",\"url\":\"https:\\\/\\\/grouptravelperu.com\\\/\",\"name\":\"Group Travel Peru\",\"description\":\"\",\"publisher\":{\"@id\":\"https:\\\/\\\/grouptravelperu.com\\\/#organization\"},\"alternateName\":\"Group Travel Peru\",\"potentialAction\":[{\"@type\":\"SearchAction\",\"target\":{\"@type\":\"EntryPoint\",\"urlTemplate\":\"https:\\\/\\\/grouptravelperu.com\\\/?s={search_term_string}\"},\"query-input\":{\"@type\":\"PropertyValueSpecification\",\"valueRequired\":true,\"valueName\":\"search_term_string\"}}],\"inLanguage\":\"pt-BR\"},{\"@type\":\"Organization\",\"@id\":\"https:\\\/\\\/grouptravelperu.com\\\/#organization\",\"name\":\"Group Travel Peru\",\"url\":\"https:\\\/\\\/grouptravelperu.com\\\/\",\"logo\":{\"@type\":\"ImageObject\",\"inLanguage\":\"pt-BR\",\"@id\":\"https:\\\/\\\/grouptravelperu.com\\\/#\\\/schema\\\/logo\\\/image\\\/\",\"url\":\"https:\\\/\\\/grouptravelperu.com\\\/wp-content\\\/uploads\\\/Logo-vertical.jpg\",\"contentUrl\":\"https:\\\/\\\/grouptravelperu.com\\\/wp-content\\\/uploads\\\/Logo-vertical.jpg\",\"width\":685,\"height\":1000,\"caption\":\"Group Travel Peru\"},\"image\":{\"@id\":\"https:\\\/\\\/grouptravelperu.com\\\/#\\\/schema\\\/logo\\\/image\\\/\"}}]}<\/script>\n<!-- \/ Yoast SEO Premium plugin. -->","yoast_head_json":{"title":"Sobre a Gente - Group Travel Peru","description":"Sobre n\u00f3s: Transforme seus sonhos em aventuras impactantes. Em nossa ag\u00eancia, oferecemos a chave para lugares inimagin\u00e1veis.","robots":{"index":"index","follow":"follow","max-snippet":"max-snippet:-1","max-image-preview":"max-image-preview:large","max-video-preview":"max-video-preview:-1"},"canonical":"https:\/\/grouptravelperu.com\/pt-br\/nos\/","og_locale":"pt_BR","og_type":"article","og_title":"Sobre a Gente","og_description":"Sobre n\u00f3s: Transforme seus sonhos em aventuras impactantes. Em nossa ag\u00eancia, oferecemos a chave para lugares inimagin\u00e1veis.","og_url":"https:\/\/grouptravelperu.com\/pt-br\/nos\/","og_site_name":"Group Travel Peru","article_modified_time":"2025-11-18T23:52:51+00:00","og_image":[{"width":2005,"height":405,"url":"https:\/\/grouptravelperu.com\/wp-content\/uploads\/caminata.webp","type":"image\/webp"}],"twitter_card":"summary_large_image","twitter_misc":{"Est. tempo de leitura":"3 minutos"},"schema":{"@context":"https:\/\/schema.org","@graph":[{"@type":"WebPage","@id":"https:\/\/grouptravelperu.com\/pt-br\/nos\/","url":"https:\/\/grouptravelperu.com\/pt-br\/nos\/","name":"Sobre a Gente - Group Travel Peru","isPartOf":{"@id":"https:\/\/grouptravelperu.com\/#website"},"primaryImageOfPage":{"@id":"https:\/\/grouptravelperu.com\/pt-br\/nos\/#primaryimage"},"image":{"@id":"https:\/\/grouptravelperu.com\/pt-br\/nos\/#primaryimage"},"thumbnailUrl":"https:\/\/grouptravelperu.com\/wp-content\/uploads\/caminata.webp","datePublished":"2023-10-03T05:02:40+00:00","dateModified":"2025-11-18T23:52:51+00:00","description":"Sobre n\u00f3s: Transforme seus sonhos em aventuras impactantes. Em nossa ag\u00eancia, oferecemos a chave para lugares inimagin\u00e1veis.","breadcrumb":{"@id":"https:\/\/grouptravelperu.com\/pt-br\/nos\/#breadcrumb"},"inLanguage":"pt-BR","potentialAction":[{"@type":"ReadAction","target":["https:\/\/grouptravelperu.com\/pt-br\/nos\/"]}]},{"@type":"ImageObject","inLanguage":"pt-BR","@id":"https:\/\/grouptravelperu.com\/pt-br\/nos\/#primaryimage","url":"https:\/\/grouptravelperu.com\/wp-content\/uploads\/caminata.webp","contentUrl":"https:\/\/grouptravelperu.com\/wp-content\/uploads\/caminata.webp","width":2005,"height":405},{"@type":"BreadcrumbList","@id":"https:\/\/grouptravelperu.com\/pt-br\/nos\/#breadcrumb","itemListElement":[{"@type":"ListItem","position":1,"name":"Home","item":"https:\/\/grouptravelperu.com\/pt-br\/"},{"@type":"ListItem","position":2,"name":"Sobre a Gente"}]},{"@type":"WebSite","@id":"https:\/\/grouptravelperu.com\/#website","url":"https:\/\/grouptravelperu.com\/","name":"Group Travel Peru","description":"","publisher":{"@id":"https:\/\/grouptravelperu.com\/#organization"},"alternateName":"Group Travel Peru","potentialAction":[{"@type":"SearchAction","target":{"@type":"EntryPoint","urlTemplate":"https:\/\/grouptravelperu.com\/?s={search_term_string}"},"query-input":{"@type":"PropertyValueSpecification","valueRequired":true,"valueName":"search_term_string"}}],"inLanguage":"pt-BR"},{"@type":"Organization","@id":"https:\/\/grouptravelperu.com\/#organization","name":"Group Travel Peru","url":"https:\/\/grouptravelperu.com\/","logo":{"@type":"ImageObject","inLanguage":"pt-BR","@id":"https:\/\/grouptravelperu.com\/#\/schema\/logo\/image\/","url":"https:\/\/grouptravelperu.com\/wp-content\/uploads\/Logo-vertical.jpg","contentUrl":"https:\/\/grouptravelperu.com\/wp-content\/uploads\/Logo-vertical.jpg","width":685,"height":1000,"caption":"Group Travel Peru"},"image":{"@id":"https:\/\/grouptravelperu.com\/#\/schema\/logo\/image\/"}}]}},"coauthors":[],"author_meta":{"author_link":"https:\/\/grouptravelperu.com\/pt-br\/author\/admin_gtp\/","display_name":"admin_gtp"},"relative_dates":{"created":"Publicado 3 anos atr\u00e1s","modified":"Atualizado 5 meses atr\u00e1s"},"absolute_dates":{"created":"Publicado em 3 de outubro de 2023","modified":"Atualizado em 18 de novembro de 2025"},"absolute_dates_time":{"created":"Publicado em 3 de outubro de 2023 00:02","modified":"Atualizado em 18 de novembro de 2025 18:52"},"featured_img_caption":"","featured_img":"https:\/\/grouptravelperu.com\/wp-content\/uploads\/caminata.webp","series_order":"","_links":{"self":[{"href":"https:\/\/grouptravelperu.com\/pt-br\/wp-json\/wp\/v2\/pages\/21805","targetHints":{"allow":["GET"]}}],"collection":[{"href":"https:\/\/grouptravelperu.com\/pt-br\/wp-json\/wp\/v2\/pages"}],"about":[{"href":"https:\/\/grouptravelperu.com\/pt-br\/wp-json\/wp\/v2\/types\/page"}],"author":[{"embeddable":true,"href":"https:\/\/grouptravelperu.com\/pt-br\/wp-json\/wp\/v2\/users\/1"}],"replies":[{"embeddable":true,"href":"https:\/\/grouptravelperu.com\/pt-br\/wp-json\/wp\/v2\/comments?post=21805"}],"version-history":[{"count":0,"href":"https:\/\/grouptravelperu.com\/pt-br\/wp-json\/wp\/v2\/pages\/21805\/revisions"}],"wp:featuredmedia":[{"embeddable":true,"href":"https:\/\/grouptravelperu.com\/pt-br\/wp-json\/wp\/v2\/media\/23243"}],"wp:attachment":[{"href":"https:\/\/grouptravelperu.com\/pt-br\/wp-json\/wp\/v2\/media?parent=21805"}],"curies":[{"name":"wp","href":"https:\/\/api.w.org\/{rel}","templated":true}]}}